{"id":14,"date":"2021-03-26T12:31:15","date_gmt":"2021-03-26T12:31:15","guid":{"rendered":"http:\/\/kompassmoldova.md\/?page_id=14"},"modified":"2022-01-25T21:48:34","modified_gmt":"2022-01-25T19:48:34","slug":"blog","status":"publish","type":"page","link":"https:\/\/kompassmoldova.md\/ro\/blog","title":{"rendered":"Blog"},"content":{"rendered":"<div data-elementor-type=\"wp-page\" data-elementor-id=\"14\" class=\"elementor elementor-14\" data-elementor-post-type=\"page\">\n\t\t\t\t\t\t<section class=\"elementor-section elementor-top-section elementor-element elementor-element-6a79b7f blog-page elementor-section-boxed elementor-section-height-default elementor-section-height-default\" data-id=\"6a79b7f\" data-element_type=\"section\" data-settings=\"{&quot;background_background&quot;:&quot;classic&quot;}\">\n\t\t\t\t\t\t<div class=\"elementor-container elementor-column-gap-default\">\n\t\t\t\t\t<div class=\"elementor-column elementor-col-100 elementor-top-column elementor-element elementor-element-8d418ef elementor-invisible\" data-id=\"8d418ef\" data-element_type=\"column\" data-settings=\"{&quot;animation&quot;:&quot;slideInUp&quot;}\">\n\t\t\t<div class=\"elementor-widget-wrap elementor-element-populated\">\n\t\t\t\t\t\t<div class=\"elementor-element elementor-element-c4a101d elementor-grid-1 elementor-posts--thumbnail-left elementor-posts--align-left elementor-grid-tablet-1 elementor-grid-mobile-1 elementor-widget elementor-widget-posts\" data-id=\"c4a101d\" data-element_type=\"widget\" data-settings=\"{&quot;pagination_type&quot;:&quot;numbers&quot;,&quot;classic_columns&quot;:&quot;1&quot;,&quot;classic_row_gap&quot;:{&quot;unit&quot;:&quot;px&quot;,&quot;size&quot;:72,&quot;sizes&quot;:[]},&quot;classic_columns_tablet&quot;:&quot;1&quot;,&quot;classic_columns_mobile&quot;:&quot;1&quot;,&quot;classic_row_gap_tablet&quot;:{&quot;unit&quot;:&quot;px&quot;,&quot;size&quot;:&quot;&quot;,&quot;sizes&quot;:[]},&quot;classic_row_gap_mobile&quot;:{&quot;unit&quot;:&quot;px&quot;,&quot;size&quot;:&quot;&quot;,&quot;sizes&quot;:[]}}\" data-widget_type=\"posts.classic\">\n\t\t\t\t<div class=\"elementor-widget-container\">\n\t\t\t\t\t\t\t<div class=\"elementor-posts-container elementor-posts elementor-posts--skin-classic elementor-grid\">\n\t\t\t\t<article class=\"elementor-post elementor-grid-item post-5095 post type-post status-publish format-standard has-post-thumbnail hentry category-uncategorized entry has-media\">\n\t\t\t\t<a class=\"elementor-post__thumbnail__link\" href=\"https:\/\/kompassmoldova.md\/ro\/2026\/03\/33-goda-vmeste-ili-kak-mi-otmetili-deni-rojdenia-kompanii-v-zamke-mimi\" tabindex=\"-1\" >\n\t\t\t<div class=\"elementor-post__thumbnail\"><img fetchpriority=\"high\" decoding=\"async\" width=\"307\" height=\"320\" src=\"https:\/\/kompassmoldova.md\/wp-content\/uploads\/2026\/03\/33ani_small.png\" class=\"attachment-medium_large size-medium_large wp-image-5098\" alt=\"\" srcset=\"https:\/\/kompassmoldova.md\/wp-content\/uploads\/2026\/03\/33ani_small.png 307w, https:\/\/kompassmoldova.md\/wp-content\/uploads\/2026\/03\/33ani_small-288x300.png 288w, https:\/\/kompassmoldova.md\/wp-content\/uploads\/2026\/03\/33ani_small-12x12.png 12w\" sizes=\"(max-width: 307px) 100vw, 307px\" \/><\/div>\n\t\t<\/a>\n\t\t\t\t<div class=\"elementor-post__text\">\n\t\t\t\t<h3 class=\"elementor-post__title\">\n\t\t\t<a href=\"https:\/\/kompassmoldova.md\/ro\/2026\/03\/33-goda-vmeste-ili-kak-mi-otmetili-deni-rojdenia-kompanii-v-zamke-mimi\" >\n\t\t\t\t33 de ani \u00eempreun\u0103 sau cum am s\u0103rb\u0103torit aniversarea companiei la Castelul Mimi\t\t\t<\/a>\n\t\t<\/h3>\n\t\t\t\t<div class=\"elementor-post__meta-data\">\n\t\t\t\t\t<span class=\"elementor-post-date\">\n\t\t\tmartie 20, 2026\t\t<\/span>\n\t\t\t\t<\/div>\n\t\t\t\t<div class=\"elementor-post__excerpt\">\n\t\t\t<p>Anul acesta, compania noastr\u0103 \u00eempline\u0219te 33 de ani.<br \/>\nNu este doar o dat\u0103, ci un drum parcurs \u00eempreun\u0103: cu decizii, cre\u0219tere, schimb\u0103ri \u0219i oameni care fac toate acestea posibile.<br \/>\nCu ocazia acestui eveniment, \u00eentreaga echip\u0103 a mers<\/p>\n\t\t<\/div>\n\t\t\n\t\t<a class=\"elementor-post__read-more\" href=\"https:\/\/kompassmoldova.md\/ro\/2026\/03\/33-goda-vmeste-ili-kak-mi-otmetili-deni-rojdenia-kompanii-v-zamke-mimi\" aria-label=\"Read more about 33 \u0433\u043e\u0434\u0430 \u0432\u043c\u0435\u0441\u0442\u0435, \u0438\u043b\u0438 \u043a\u0430\u043a \u043c\u044b \u043e\u0442\u043c\u0435\u0442\u0438\u043b\u0438 \u0434\u0435\u043d\u044c \u0440\u043e\u0436\u0434\u0435\u043d\u0438\u044f \u043a\u043e\u043c\u043f\u0430\u043d\u0438\u0438 \u0432 \u0417\u0430\u043c\u043a\u0435 MIMI\" tabindex=\"-1\" >\n\t\t\tCiteste mai mult\t\t<\/a>\n\n\t\t\t\t<\/div>\n\t\t\t\t<\/article>\n\t\t\t\t<article class=\"elementor-post elementor-grid-item post-5086 post type-post status-publish format-standard has-post-thumbnail hentry category-b2b category-call-center-cat tag-b2b tag-call-center-tag entry has-media\">\n\t\t\t\t<a class=\"elementor-post__thumbnail__link\" href=\"https:\/\/kompassmoldova.md\/ro\/2026\/03\/kak-rabotaet-b2b-call-center-pravila-kotorie-prevrashaiut-zvonki-v-rezulitat\" tabindex=\"-1\" >\n\t\t\t<div class=\"elementor-post__thumbnail\"><img decoding=\"async\" width=\"325\" height=\"320\" src=\"https:\/\/kompassmoldova.md\/wp-content\/uploads\/2026\/03\/calltouch_small.png\" class=\"attachment-medium_large size-medium_large wp-image-5094\" alt=\"\" srcset=\"https:\/\/kompassmoldova.md\/wp-content\/uploads\/2026\/03\/calltouch_small.png 325w, https:\/\/kompassmoldova.md\/wp-content\/uploads\/2026\/03\/calltouch_small-300x295.png 300w, https:\/\/kompassmoldova.md\/wp-content\/uploads\/2026\/03\/calltouch_small-12x12.png 12w\" sizes=\"(max-width: 325px) 100vw, 325px\" \/><\/div>\n\t\t<\/a>\n\t\t\t\t<div class=\"elementor-post__text\">\n\t\t\t\t<h3 class=\"elementor-post__title\">\n\t\t\t<a href=\"https:\/\/kompassmoldova.md\/ro\/2026\/03\/kak-rabotaet-b2b-call-center-pravila-kotorie-prevrashaiut-zvonki-v-rezulitat\" >\n\t\t\t\tCum func\u021bioneaz\u0103 un call-center B2B: reguli care transform\u0103 apelurile \u00een rezultate\t\t\t<\/a>\n\t\t<\/h3>\n\t\t\t\t<div class=\"elementor-post__meta-data\">\n\t\t\t\t\t<span class=\"elementor-post-date\">\n\t\t\tmartie 9, 2026\t\t<\/span>\n\t\t\t\t<\/div>\n\t\t\t\t<div class=\"elementor-post__excerpt\">\n\t\t\t<p>\u00centr-un call-center B2B, rezultatul nu se m\u0103soar\u0103 prin num\u0103rul de apeluri, ci prin calitatea contactului.<br \/>\nGenerarea de lead-uri, sondajele \u0219i ...<\/p>\n\t\t<\/div>\n\t\t\n\t\t<a class=\"elementor-post__read-more\" href=\"https:\/\/kompassmoldova.md\/ro\/2026\/03\/kak-rabotaet-b2b-call-center-pravila-kotorie-prevrashaiut-zvonki-v-rezulitat\" aria-label=\"Read more about \u041a\u0430\u043a \u0440\u0430\u0431\u043e\u0442\u0430\u0435\u0442 B2B \u043a\u043e\u043b\u043b-\u0446\u0435\u043d\u0442\u0440: \u043f\u0440\u0430\u0432\u0438\u043b\u0430, \u043a\u043e\u0442\u043e\u0440\u044b\u0435 \u043f\u0440\u0435\u0432\u0440\u0430\u0449\u0430\u044e\u0442 \u0437\u0432\u043e\u043d\u043a\u0438 \u0432 \u0440\u0435\u0437\u0443\u043b\u044c\u0442\u0430\u0442\" tabindex=\"-1\" >\n\t\t\tCiteste mai mult\t\t<\/a>\n\n\t\t\t\t<\/div>\n\t\t\t\t<\/article>\n\t\t\t\t<article class=\"elementor-post elementor-grid-item post-5074 post type-post status-publish format-standard has-post-thumbnail hentry category-b2b category-business-references-cat tag-b2b tag-business-references-tag entry has-media\">\n\t\t\t\t<a class=\"elementor-post__thumbnail__link\" href=\"https:\/\/kompassmoldova.md\/ro\/2026\/02\/kak-proveriti-kompaniu-v-moldove-pered-nachalom-b2b-sotrudnichestvom\" tabindex=\"-1\" >\n\t\t\t<div class=\"elementor-post__thumbnail\"><img decoding=\"async\" width=\"307\" height=\"320\" src=\"https:\/\/kompassmoldova.md\/wp-content\/uploads\/2026\/02\/check-small.png\" class=\"attachment-medium_large size-medium_large wp-image-5079\" alt=\"\" srcset=\"https:\/\/kompassmoldova.md\/wp-content\/uploads\/2026\/02\/check-small.png 307w, https:\/\/kompassmoldova.md\/wp-content\/uploads\/2026\/02\/check-small-288x300.png 288w, https:\/\/kompassmoldova.md\/wp-content\/uploads\/2026\/02\/check-small-12x12.png 12w\" sizes=\"(max-width: 307px) 100vw, 307px\" \/><\/div>\n\t\t<\/a>\n\t\t\t\t<div class=\"elementor-post__text\">\n\t\t\t\t<h3 class=\"elementor-post__title\">\n\t\t\t<a href=\"https:\/\/kompassmoldova.md\/ro\/2026\/02\/kak-proveriti-kompaniu-v-moldove-pered-nachalom-b2b-sotrudnichestvom\" >\n\t\t\t\tCum s\u0103 verifica\u021bi o companie \u00een Moldova \u00eenainte de a \u00eencepe o colaborare B2B\t\t\t<\/a>\n\t\t<\/h3>\n\t\t\t\t<div class=\"elementor-post__meta-data\">\n\t\t\t\t\t<span class=\"elementor-post-date\">\n\t\t\tfebruarie 6, 2026\t\t<\/span>\n\t\t\t\t<\/div>\n\t\t\t\t<div class=\"elementor-post__excerpt\">\n\t\t\t<p>\u00cen segmentul B2B, verificarea unei companii \u00eenainte de a \u00eencepe colaborarea nu este o formalitate, ci o necesitate.<br \/>\nLipsa informa\u021biilor despre partener poate duce la <\/p>\n\t\t<\/div>\n\t\t\n\t\t<a class=\"elementor-post__read-more\" href=\"https:\/\/kompassmoldova.md\/ro\/2026\/02\/kak-proveriti-kompaniu-v-moldove-pered-nachalom-b2b-sotrudnichestvom\" aria-label=\"Read more about \u041a\u0430\u043a \u043f\u0440\u043e\u0432\u0435\u0440\u0438\u0442\u044c \u043a\u043e\u043c\u043f\u0430\u043d\u0438\u044e \u0432 \u041c\u043e\u043b\u0434\u043e\u0432\u0435 \u043f\u0435\u0440\u0435\u0434 \u043d\u0430\u0447\u0430\u043b\u043e\u043c B2B-\u0441\u043e\u0442\u0440\u0443\u0434\u043d\u0438\u0447\u0435\u0441\u0442\u0432\u0430\" tabindex=\"-1\" >\n\t\t\tCiteste mai mult\t\t<\/a>\n\n\t\t\t\t<\/div>\n\t\t\t\t<\/article>\n\t\t\t\t<article class=\"elementor-post elementor-grid-item post-5060 post type-post status-publish format-standard has-post-thumbnail hentry category-b2b category-business-references-cat entry has-media\">\n\t\t\t\t<a class=\"elementor-post__thumbnail__link\" href=\"https:\/\/kompassmoldova.md\/ro\/2025\/10\/pochemu-vashi-prodaji-zaviseat-ne-ot-kreativa-a-ot-zazi-dannih\" tabindex=\"-1\" >\n\t\t\t<div class=\"elementor-post__thumbnail\"><img loading=\"lazy\" decoding=\"async\" width=\"314\" height=\"320\" src=\"https:\/\/kompassmoldova.md\/wp-content\/uploads\/2025\/10\/database-small.png\" class=\"attachment-medium_large size-medium_large wp-image-5063\" alt=\"\" srcset=\"https:\/\/kompassmoldova.md\/wp-content\/uploads\/2025\/10\/database-small.png 314w, https:\/\/kompassmoldova.md\/wp-content\/uploads\/2025\/10\/database-small-294x300.png 294w, https:\/\/kompassmoldova.md\/wp-content\/uploads\/2025\/10\/database-small-12x12.png 12w\" sizes=\"(max-width: 314px) 100vw, 314px\" \/><\/div>\n\t\t<\/a>\n\t\t\t\t<div class=\"elementor-post__text\">\n\t\t\t\t<h3 class=\"elementor-post__title\">\n\t\t\t<a href=\"https:\/\/kompassmoldova.md\/ro\/2025\/10\/pochemu-vashi-prodaji-zaviseat-ne-ot-kreativa-a-ot-zazi-dannih\" >\n\t\t\t\tDe ce v\u00e2nz\u0103rile dvs. depind nu de creativitate, ci de baza de date?\t\t\t<\/a>\n\t\t<\/h3>\n\t\t\t\t<div class=\"elementor-post__meta-data\">\n\t\t\t\t\t<span class=\"elementor-post-date\">\n\t\t\toctombrie 22, 2025\t\t<\/span>\n\t\t\t\t<\/div>\n\t\t\t\t<div class=\"elementor-post__excerpt\">\n\t\t\t<p>\u00cen B2B marketing se consider\u0103 des c\u0103 totul este decis de creativitate: reclame str\u0103lucitoare, idei neobi\u0219nuite, campanii zgomotoase.\n\u00cens\u0103, \u00een realitate ...<\/p>\n\t\t<\/div>\n\t\t\n\t\t<a class=\"elementor-post__read-more\" href=\"https:\/\/kompassmoldova.md\/ro\/2025\/10\/pochemu-vashi-prodaji-zaviseat-ne-ot-kreativa-a-ot-zazi-dannih\" aria-label=\"Read more about \u041f\u043e\u0447\u0435\u043c\u0443 \u0432\u0430\u0448\u0438 \u043f\u0440\u043e\u0434\u0430\u0436\u0438 \u0437\u0430\u0432\u0438\u0441\u044f\u0442 \u043d\u0435 \u043e\u0442 \u043a\u0440\u0435\u0430\u0442\u0438\u0432\u0430, \u0430 \u043e\u0442 \u0431\u0430\u0437\u044b \u0434\u0430\u043d\u043d\u044b\u0445?\" tabindex=\"-1\" >\n\t\t\tCiteste mai mult\t\t<\/a>\n\n\t\t\t\t<\/div>\n\t\t\t\t<\/article>\n\t\t\t\t<article class=\"elementor-post elementor-grid-item post-5023 post type-post status-publish format-standard has-post-thumbnail hentry category-uncategorized entry has-media\">\n\t\t\t\t<a class=\"elementor-post__thumbnail__link\" href=\"https:\/\/kompassmoldova.md\/ro\/2025\/09\/raz-v-godu-poseshiai-mesto-gde-ti-nikogda-ranishe-ne-bil\" tabindex=\"-1\" >\n\t\t\t<div class=\"elementor-post__thumbnail\"><img loading=\"lazy\" decoding=\"async\" width=\"314\" height=\"320\" src=\"https:\/\/kompassmoldova.md\/wp-content\/uploads\/2025\/09\/Cracovia-large.png\" class=\"attachment-medium_large size-medium_large wp-image-5026\" alt=\"\" srcset=\"https:\/\/kompassmoldova.md\/wp-content\/uploads\/2025\/09\/Cracovia-large.png 314w, https:\/\/kompassmoldova.md\/wp-content\/uploads\/2025\/09\/Cracovia-large-294x300.png 294w, https:\/\/kompassmoldova.md\/wp-content\/uploads\/2025\/09\/Cracovia-large-12x12.png 12w\" sizes=\"(max-width: 314px) 100vw, 314px\" \/><\/div>\n\t\t<\/a>\n\t\t\t\t<div class=\"elementor-post__text\">\n\t\t\t\t<h3 class=\"elementor-post__title\">\n\t\t\t<a href=\"https:\/\/kompassmoldova.md\/ro\/2025\/09\/raz-v-godu-poseshiai-mesto-gde-ti-nikogda-ranishe-ne-bil\" >\n\t\t\t\t\u201eO dat\u0103 pe an viziteaz\u0103 un loc \u00een care nu ai mai fost niciodat\u0103\u201d\n(Dalai Lama)\t\t\t<\/a>\n\t\t<\/h3>\n\t\t\t\t<div class=\"elementor-post__meta-data\">\n\t\t\t\t\t<span class=\"elementor-post-date\">\n\t\t\tseptembrie 26, 2025\t\t<\/span>\n\t\t\t\t<\/div>\n\t\t\t\t<div class=\"elementor-post__excerpt\">\n\t\t\t<p>Noi urm\u0103m acest sfat cu bucurie.<br \/>\nToamna aceasta echipa noastr\u0103 a plecat \u00eentr-o c\u0103l\u0103torie de trei zile prin Polonia. O c\u0103l\u0103torie care ne-a oferit o mul\u021bime de impresii, emo\u021bii \u0219i descoperiri...<\/p>\n\t\t<\/div>\n\t\t\n\t\t<a class=\"elementor-post__read-more\" href=\"https:\/\/kompassmoldova.md\/ro\/2025\/09\/raz-v-godu-poseshiai-mesto-gde-ti-nikogda-ranishe-ne-bil\" aria-label=\"Read more about \u00ab\u0420\u0430\u0437 \u0432 \u0433\u043e\u0434\u0443 \u043f\u043e\u0441\u0435\u0449\u0430\u0439 \u043c\u0435\u0441\u0442\u043e, \u0433\u0434\u0435 \u0442\u044b \u043d\u0438\u043a\u043e\u0433\u0434\u0430 \u0440\u0430\u043d\u044c\u0448\u0435 \u043d\u0435 \u0431\u044b\u043b\u00bb (\u0414\u0430\u043b\u0430\u0439 \u041b\u0430\u043c\u0430)\" tabindex=\"-1\" >\n\t\t\tCiteste mai mult\t\t<\/a>\n\n\t\t\t\t<\/div>\n\t\t\t\t<\/article>\n\t\t\t\t<article class=\"elementor-post elementor-grid-item post-5014 post type-post status-publish format-standard has-post-thumbnail hentry category-b2b category-business-references-cat category-call-center-cat tag-b2b entry has-media\">\n\t\t\t\t<a class=\"elementor-post__thumbnail__link\" href=\"https:\/\/kompassmoldova.md\/ro\/2025\/08\/chto-takoe-nps-i-zachem-on-nujen-marketologu\" tabindex=\"-1\" >\n\t\t\t<div class=\"elementor-post__thumbnail\"><img loading=\"lazy\" decoding=\"async\" width=\"322\" height=\"336\" src=\"https:\/\/kompassmoldova.md\/wp-content\/uploads\/2025\/08\/NPS-small-1.png\" class=\"attachment-medium_large size-medium_large wp-image-5016\" alt=\"\" srcset=\"https:\/\/kompassmoldova.md\/wp-content\/uploads\/2025\/08\/NPS-small-1.png 322w, https:\/\/kompassmoldova.md\/wp-content\/uploads\/2025\/08\/NPS-small-1-288x300.png 288w, https:\/\/kompassmoldova.md\/wp-content\/uploads\/2025\/08\/NPS-small-1-12x12.png 12w\" sizes=\"(max-width: 322px) 100vw, 322px\" \/><\/div>\n\t\t<\/a>\n\t\t\t\t<div class=\"elementor-post__text\">\n\t\t\t\t<h3 class=\"elementor-post__title\">\n\t\t\t<a href=\"https:\/\/kompassmoldova.md\/ro\/2025\/08\/chto-takoe-nps-i-zachem-on-nujen-marketologu\" >\n\t\t\t\t\u0427\u0442\u043e \u0442\u0430\u043a\u043e\u0435 NPS \u0438 \u0437\u0430\u0447\u0435\u043c \u043e\u043d \u043d\u0443\u0436\u0435\u043d \u043c\u0430\u0440\u043a\u0435\u0442\u043e\u043b\u043e\u0433\u0443?\t\t\t<\/a>\n\t\t<\/h3>\n\t\t\t\t<div class=\"elementor-post__meta-data\">\n\t\t\t\t\t<span class=\"elementor-post-date\">\n\t\t\taugust 11, 2025\t\t<\/span>\n\t\t\t\t<\/div>\n\t\t\t\t<div class=\"elementor-post__excerpt\">\n\t\t\t<p>NPS (Net Promoter Score) \u2014 \u044d\u0442\u043e \u043c\u0435\u0442\u0440\u0438\u043a\u0430, \u0441 \u043f\u043e\u043c\u043e\u0449\u044c\u044e \u043a\u043e\u0442\u043e\u0440\u043e\u0439 \u043a\u043e\u043c\u043f\u0430\u043d\u0438\u0438 \u0438\u0437\u043c\u0435\u0440\u044f\u044e\u0442, \u043d\u0430\u0441\u043a\u043e\u043b\u044c\u043a\u043e \u043a\u043b\u0438\u0435\u043d\u0442\u044b \u0433\u043e\u0442\u043e\u0432\u044b \u0440\u0435\u043a\u043e\u043c\u0435\u043d\u0434\u043e\u0432\u0430\u0442\u044c \u043f\u0440\u043e\u0434\u0443\u043a\u0442 \u0438\u043b\u0438 \u0443\u0441\u043b\u0443\u0433\u0443 \u0441\u0432\u043e\u0438\u043c \u0434\u0440\u0443\u0437\u044c\u044f\u043c, \u043a\u043e\u043b\u043b\u0435\u0433\u0430\u043c \u0438 \u043f\u0430\u0440\u0442\u043d\u0451\u0440\u0430\u043c.<br \/>\n\u0418\u043d\u044b\u043c\u0438 \u0441\u043b\u043e\u0432\u0430\u043c\u0438, \u044d\u0442\u043e &#8230;<\/p>\n\t\t<\/div>\n\t\t\n\t\t<a class=\"elementor-post__read-more\" href=\"https:\/\/kompassmoldova.md\/ro\/2025\/08\/chto-takoe-nps-i-zachem-on-nujen-marketologu\" aria-label=\"Read more about \u0427\u0442\u043e \u0442\u0430\u043a\u043e\u0435 NPS \u0438 \u0437\u0430\u0447\u0435\u043c \u043e\u043d \u043d\u0443\u0436\u0435\u043d \u043c\u0430\u0440\u043a\u0435\u0442\u043e\u043b\u043e\u0433\u0443?\" tabindex=\"-1\" >\n\t\t\tCiteste mai mult\t\t<\/a>\n\n\t\t\t\t<\/div>\n\t\t\t\t<\/article>\n\t\t\t\t<\/div>\n\t\t\n\t\t\t\t<div class=\"e-load-more-anchor\" data-page=\"1\" data-max-page=\"10\" data-next-page=\"https:\/\/kompassmoldova.md\/ro\/wp-json\/wp\/v2\/pages\/14\/page\/2\"><\/div>\n\t\t\t\t<nav class=\"elementor-pagination\" aria-label=\"Pagination\">\n\t\t\t<span aria-current=\"page\" class=\"page-numbers current\"><span class=\"elementor-screen-only\">Page<\/span>1<\/span>\n<a class=\"page-numbers\" href=\"https:\/\/kompassmoldova.md\/ro\/wp-json\/wp\/v2\/pages\/14\/page\/2\"><span class=\"elementor-screen-only\">Page<\/span>2<\/a>\n<a class=\"page-numbers\" href=\"https:\/\/kompassmoldova.md\/ro\/wp-json\/wp\/v2\/pages\/14\/page\/3\"><span class=\"elementor-screen-only\">Page<\/span>3<\/a>\n<span class=\"page-numbers dots\">&hellip;<\/span>\n<a class=\"page-numbers\" href=\"https:\/\/kompassmoldova.md\/ro\/wp-json\/wp\/v2\/pages\/14\/page\/5\"><span class=\"elementor-screen-only\">Page<\/span>5<\/a>\t\t<\/nav>\n\t\t\t\t\t\t<\/div>\n\t\t\t\t<\/div>\n\t\t\t\t\t<\/div>\n\t\t<\/div>\n\t\t\t\t\t<\/div>\n\t\t<\/section>\n\t\t\t\t<section class=\"elementor-section elementor-top-section elementor-element elementor-element-4c6163a elementor-section-boxed elementor-section-height-default elementor-section-height-default\" data-id=\"4c6163a\" data-element_type=\"section\" data-settings=\"{&quot;background_background&quot;:&quot;classic&quot;}\">\n\t\t\t\t\t\t<div class=\"elementor-container elementor-column-gap-default\">\n\t\t\t\t\t<div class=\"elementor-column elementor-col-100 elementor-top-column elementor-element elementor-element-4d10a7e\" data-id=\"4d10a7e\" data-element_type=\"column\">\n\t\t\t<div class=\"elementor-widget-wrap elementor-element-populated\">\n\t\t\t\t\t\t<div class=\"elementor-element elementor-element-5ff866b elementor-widget elementor-widget-spacer\" data-id=\"5ff866b\" data-element_type=\"widget\" data-widget_type=\"spacer.default\">\n\t\t\t\t<div class=\"elementor-widget-container\">\n\t\t\t\t\t\t\t<div class=\"elementor-spacer\">\n\t\t\t<div class=\"elementor-spacer-inner\"><\/div>\n\t\t<\/div>\n\t\t\t\t\t\t<\/div>\n\t\t\t\t<\/div>\n\t\t\t\t\t<\/div>\n\t\t<\/div>\n\t\t\t\t\t<\/div>\n\t\t<\/section>\n\t\t\t\t<\/div>","protected":false},"excerpt":{"rendered":"","protected":false},"author":1,"featured_media":0,"parent":0,"menu_order":0,"comment_status":"closed","ping_status":"closed","template":"elementor_header_footer","meta":{"ocean_post_layout":"","ocean_both_sidebars_style":"","ocean_both_sidebars_content_width":0,"ocean_both_sidebars_sidebars_width":0,"ocean_sidebar":"","ocean_second_sidebar":"","ocean_disable_margins":"enable","ocean_add_body_class":"","ocean_shortcode_before_top_bar":"","ocean_shortcode_after_top_bar":"","ocean_shortcode_before_header":"","ocean_shortcode_after_header":"","ocean_has_shortcode":"","ocean_shortcode_after_title":"","ocean_shortcode_before_footer_widgets":"","ocean_shortcode_after_footer_widgets":"","ocean_shortcode_before_footer_bottom":"","ocean_shortcode_after_footer_bottom":"","ocean_display_top_bar":"default","ocean_display_header":"default","ocean_header_style":"","ocean_center_header_left_menu":"","ocean_custom_header_template":"","ocean_custom_logo":0,"ocean_custom_retina_logo":0,"ocean_custom_logo_max_width":0,"ocean_custom_logo_tablet_max_width":0,"ocean_custom_logo_mobile_max_width":0,"ocean_custom_logo_max_height":0,"ocean_custom_logo_tablet_max_height":0,"ocean_custom_logo_mobile_max_height":0,"ocean_header_custom_menu":"","ocean_menu_typo_font_family":"","ocean_menu_typo_font_subset":"","ocean_menu_typo_font_size":0,"ocean_menu_typo_font_size_tablet":0,"ocean_menu_typo_font_size_mobile":0,"ocean_menu_typo_font_size_unit":"px","ocean_menu_typo_font_weight":"","ocean_menu_typo_font_weight_tablet":"","ocean_menu_typo_font_weight_mobile":"","ocean_menu_typo_transform":"","ocean_menu_typo_transform_tablet":"","ocean_menu_typo_transform_mobile":"","ocean_menu_typo_line_height":0,"ocean_menu_typo_line_height_tablet":0,"ocean_menu_typo_line_height_mobile":0,"ocean_menu_typo_line_height_unit":"","ocean_menu_typo_spacing":0,"ocean_menu_typo_spacing_tablet":0,"ocean_menu_typo_spacing_mobile":0,"ocean_menu_typo_spacing_unit":"","ocean_menu_link_color":"","ocean_menu_link_color_hover":"","ocean_menu_link_color_active":"","ocean_menu_link_background":"","ocean_menu_link_hover_background":"","ocean_menu_link_active_background":"","ocean_menu_social_links_bg":"","ocean_menu_social_hover_links_bg":"","ocean_menu_social_links_color":"","ocean_menu_social_hover_links_color":"","ocean_disable_title":"default","ocean_disable_heading":"default","ocean_post_title":"","ocean_post_subheading":"","ocean_post_title_style":"","ocean_post_title_background_color":"","ocean_post_title_background":0,"ocean_post_title_bg_image_position":"","ocean_post_title_bg_image_attachment":"","ocean_post_title_bg_image_repeat":"","ocean_post_title_bg_image_size":"","ocean_post_title_height":0,"ocean_post_title_bg_overlay":0.5,"ocean_post_title_bg_overlay_color":"","ocean_disable_breadcrumbs":"default","ocean_breadcrumbs_color":"","ocean_breadcrumbs_separator_color":"","ocean_breadcrumbs_links_color":"","ocean_breadcrumbs_links_hover_color":"","ocean_display_footer_widgets":"default","ocean_display_footer_bottom":"default","ocean_custom_footer_template":"","footnotes":""},"class_list":["post-14","page","type-page","status-publish","hentry","entry","has-media"],"_links":{"self":[{"href":"https:\/\/kompassmoldova.md\/ro\/wp-json\/wp\/v2\/pages\/14","targetHints":{"allow":["GET"]}}],"collection":[{"href":"https:\/\/kompassmoldova.md\/ro\/wp-json\/wp\/v2\/pages"}],"about":[{"href":"https:\/\/kompassmoldova.md\/ro\/wp-json\/wp\/v2\/types\/page"}],"author":[{"embeddable":true,"href":"https:\/\/kompassmoldova.md\/ro\/wp-json\/wp\/v2\/users\/1"}],"replies":[{"embeddable":true,"href":"https:\/\/kompassmoldova.md\/ro\/wp-json\/wp\/v2\/comments?post=14"}],"version-history":[{"count":157,"href":"https:\/\/kompassmoldova.md\/ro\/wp-json\/wp\/v2\/pages\/14\/revisions"}],"predecessor-version":[{"id":3517,"href":"https:\/\/kompassmoldova.md\/ro\/wp-json\/wp\/v2\/pages\/14\/revisions\/3517"}],"wp:attachment":[{"href":"https:\/\/kompassmoldova.md\/ro\/wp-json\/wp\/v2\/media?parent=14"}],"curies":[{"name":"wp","href":"https:\/\/api.w.org\/{rel}","templated":true}]}}